{"id":34335,"date":"2025-05-11T10:46:09","date_gmt":"2025-05-11T07:46:09","guid":{"rendered":"https:\/\/opuntiasuites.com\/123456\/?page_id=34335"},"modified":"2025-05-11T12:08:49","modified_gmt":"2025-05-11T09:08:49","slug":"blog","status":"publish","type":"page","link":"https:\/\/opuntiasuites.com\/el\/blog\/","title":{"rendered":"Blog"},"content":{"rendered":"<div data-elementor-type=\"wp-page\" data-elementor-id=\"34335\" class=\"elementor elementor-34335\">\n\t\t\t\t\t\t<section class=\"elementor-section elementor-top-section elementor-element elementor-element-269c446 elementor-section-full_width elementor-section-height-default elementor-section-height-default qodef-elementor-content-no\" data-id=\"269c446\" data-element_type=\"section\" data-e-type=\"section\">\n\t\t\t\t\t\t<div class=\"elementor-container elementor-column-gap-default\">\n\t\t\t\t\t<div class=\"elementor-column elementor-col-100 elementor-top-column elementor-element elementor-element-429e7668\" data-id=\"429e7668\" data-element_type=\"column\" data-e-type=\"column\">\n\t\t\t<div class=\"elementor-widget-wrap elementor-element-populated\">\n\t\t\t\t\t\t<div class=\"elementor-element elementor-element-2134725d elementor-widget elementor-widget-augustine_core_section_title\" data-id=\"2134725d\" data-element_type=\"widget\" data-e-type=\"widget\" data-widget_type=\"augustine_core_section_title.default\">\n\t\t\t\t<div class=\"elementor-widget-container\">\n\t\t\t\t\t<div class=\"qodef-shortcode qodef-m  qodef-section-title qodef-alignment--left  qodef-title-appear qodef-title-alt-appear\">\n\t\t\t\t<h1 class=\"qodef-m-title\" >\n\t\t\t\t\tBlog\t\t\t<\/h1>\n\t\t<\/div>\t\t\t\t<\/div>\n\t\t\t\t<\/div>\n\t\t\t\t\t<\/div>\n\t\t<\/div>\n\t\t\t\t\t<\/div>\n\t\t<\/section>\n\t\t\t\t<section class=\"elementor-section elementor-top-section elementor-element elementor-element-a7a43ff qodef-elementor-content-grid elementor-section-boxed elementor-section-height-default elementor-section-height-default\" data-id=\"a7a43ff\" data-element_type=\"section\" data-e-type=\"section\">\n\t\t\t\t\t\t<div class=\"elementor-container elementor-column-gap-default\">\n\t\t\t\t\t<div class=\"elementor-column elementor-col-100 elementor-top-column elementor-element elementor-element-464c315\" data-id=\"464c315\" data-element_type=\"column\" data-e-type=\"column\">\n\t\t\t<div class=\"elementor-widget-wrap elementor-element-populated\">\n\t\t\t\t\t\t<div class=\"elementor-element elementor-element-86f7862 elementor-widget elementor-widget-shortcode\" data-id=\"86f7862\" data-element_type=\"widget\" data-e-type=\"widget\" data-widget_type=\"shortcode.default\">\n\t\t\t\t<div class=\"elementor-widget-container\">\n\t\t\t\t\t\t\t<div class=\"elementor-shortcode\">        <style>\r\n            .custom-posts-grid {\r\n                display: flex;\r\n                flex-wrap: wrap;\r\n                margin: 0 -15px;\r\n            }\r\n            .custom-post-item {\r\n                flex: 0 0 calc(33.333% - 30px);\r\n                margin: 0 15px 30px;\r\n                border-radius: 8px;\r\n                overflow: hidden;\r\n                box-shadow: 0 3px 10px rgba(0,0,0,0.1);\r\n                transition: transform 0.3s ease, box-shadow 0.3s ease;\r\n            }\r\n            .custom-post-item:hover {\r\n                transform: translateY(-5px);\r\n                box-shadow: 0 5px 15px rgba(0,0,0,0.15);\r\n            }\r\n            .custom-post-thumbnail {\r\n                width: 100%;\r\n                height: 200px;\r\n                overflow: hidden;\r\n            }\r\n            .custom-post-thumbnail img {\r\n                width: 100%;\r\n                height: 100%;\r\n                object-fit: cover;\r\n                transition: transform 0.3s ease;\r\n            }\r\n            .custom-post-item:hover .custom-post-thumbnail img {\r\n                transform: scale(1.05);\r\n            }\r\n            .custom-post-content {\r\n                padding: 20px;\r\n            }\r\n            .custom-post-title {\r\n                margin-top: 0;\r\n                margin-bottom: 10px;\r\n                font-size: 20px;\r\n                line-height: 1.3;\r\n            }\r\n            .custom-post-title a {\r\n                color: #333;\r\n                text-decoration: none;\r\n            }\r\n            .custom-post-excerpt {\r\n                color: #666;\r\n                margin-bottom: 15px;\r\n                line-height: 1.5;\r\n            }\r\n            .custom-post-readmore {\r\n    display: inline-block;\r\n    padding: 21px 46px;\r\n    \/* padding: 8px 16px; *\/\r\n    background-color: #c1b39a;\r\n    background-color: #c1b39a;\r\n    color: white !important;\r\n    text-decoration: none;\r\n    border-radius: 4px;\r\n    font-size: 14px;\r\n    transition: background-color 0.3s ease;\r\n    position: relative;\r\n    display: inline-block;\r\n    vertical-align: middle;\r\n    width: auto;\r\n    margin: 0;\r\n    font-family: Sarabun, sans-serif;\r\n    font-size: 11px;\r\n    line-height: 2.9em;\r\n    letter-spacing: .3em;\r\n    font-weight: 600;\r\n    text-decoration: none;\r\n    text-transform: uppercase;\r\n    border-radius: 0;\r\n    outline: 0;\r\n    -webkit-transition: color .2s ease-out, background-color .2s ease-out, border-color .2s ease-out;\r\n    -o-transition: color .2s ease-out,background-color .2s ease-out,border-color .2s ease-out;\r\n    transition: color .2s ease-out, background-color .2s ease-out, border-color .2s ease-out;\r\n}\r\n            .custom-post-readmore:hover {\r\n                background-color: #ccc1bd;\r\n            }\r\n            \r\n            \/* Responsive styles *\/\r\n            @media (max-width: 991px) {\r\n                .custom-post-item {\r\n                    flex: 0 0 calc(50% - 30px);\r\n                }\r\n            }\r\n            \r\n            @media (max-width: 767px) {\r\n                .custom-post-item {\r\n                    flex: 0 0 calc(100% - 30px);\r\n                }\r\n            }\r\n        <\/style>\r\n        \r\n        <div class=\"custom-posts-grid\">\r\n                    <article class=\"custom-post-item\">\r\n                <div class=\"custom-post-thumbnail\">\r\n                                            <img decoding=\"async\" src=\"https:\/\/opuntiasuites.com\/el\/wp-content\/plugins\/custom-posts-grid\/placeholder.jpg\" alt=\"La Aumento dei Stabilimenti di Gioco Confidenziali: Una Guida Approfondita\">\r\n                                    <\/div>\r\n                <div class=\"custom-post-content\">\r\n                    <h3 class=\"custom-post-title\">\r\n                        <a href=\"https:\/\/opuntiasuites.com\/el\/la-aumento-dei-stabilimenti-di-gioco-confidenziali-una-guida-approfondita\/\">La Aumento dei Stabilimenti di Gioco Confidenziali: Una Guida Approfondita<\/a>\r\n                    <\/h3>\r\n                    <div class=\"custom-post-excerpt\">\r\n                        Recentemente, il panorama del gaming on-line ha visto a una significativa cambiamento con l'comparsa dei imprese di gioco anonimi. Queste...                    <\/div>\r\n                    <a href=\"https:\/\/opuntiasuites.com\/el\/la-aumento-dei-stabilimenti-di-gioco-confidenziali-una-guida-approfondita\/\" class=\"custom-post-readmore\">\u0394\u03b9\u03b1\u03b2\u03ac\u03c3\u03c4\u03b5 \u03a0\u03b5\u03c1\u03b9\u03c3\u03c3\u03cc\u03c4\u03b5\u03c1\u03b1<\/a>\r\n                <\/div>\r\n            <\/article>\r\n                        <article class=\"custom-post-item\">\r\n                <div class=\"custom-post-thumbnail\">\r\n                                            <img decoding=\"async\" src=\"https:\/\/opuntiasuites.com\/el\/wp-content\/plugins\/custom-posts-grid\/placeholder.jpg\" alt=\"Il Aumento dei Imprese di Gioco d&#8217;Azzardo Monero: Una Guida Completa\">\r\n                                    <\/div>\r\n                <div class=\"custom-post-content\">\r\n                    <h3 class=\"custom-post-title\">\r\n                        <a href=\"https:\/\/opuntiasuites.com\/el\/il-aumento-dei-imprese-di-gioco-dazzardo-monero-una-guida-completa\/\">Il Aumento dei Imprese di Gioco d&#8217;Azzardo Monero: Una Guida Completa<\/a>\r\n                    <\/h3>\r\n                    <div class=\"custom-post-excerpt\">\r\n                        Nell'ambiente in rapida evoluzione del gaming online, le criptovalute sono emerse come una forza trasformante, introducendo brand-new requisiti per la...                    <\/div>\r\n                    <a href=\"https:\/\/opuntiasuites.com\/el\/il-aumento-dei-imprese-di-gioco-dazzardo-monero-una-guida-completa\/\" class=\"custom-post-readmore\">\u0394\u03b9\u03b1\u03b2\u03ac\u03c3\u03c4\u03b5 \u03a0\u03b5\u03c1\u03b9\u03c3\u03c3\u03cc\u03c4\u03b5\u03c1\u03b1<\/a>\r\n                <\/div>\r\n            <\/article>\r\n                        <article class=\"custom-post-item\">\r\n                <div class=\"custom-post-thumbnail\">\r\n                                            <img decoding=\"async\" src=\"https:\/\/opuntiasuites.com\/el\/wp-content\/plugins\/custom-posts-grid\/placeholder.jpg\" alt=\"Coronavirus disease 2019\">\r\n                                    <\/div>\r\n                <div class=\"custom-post-content\">\r\n                    <h3 class=\"custom-post-title\">\r\n                        <a href=\"https:\/\/opuntiasuites.com\/el\/coronavirus-disease-2019\/\">Coronavirus disease 2019<\/a>\r\n                    <\/h3>\r\n                    <div class=\"custom-post-excerpt\">\r\n                        Coronavirus disease 2019 COVID-19 is a contagious disease caused by the coronavirus SARS-CoV-2. In January 2020, the disease spread worldwide,...                    <\/div>\r\n                    <a href=\"https:\/\/opuntiasuites.com\/el\/coronavirus-disease-2019\/\" class=\"custom-post-readmore\">\u0394\u03b9\u03b1\u03b2\u03ac\u03c3\u03c4\u03b5 \u03a0\u03b5\u03c1\u03b9\u03c3\u03c3\u03cc\u03c4\u03b5\u03c1\u03b1<\/a>\r\n                <\/div>\r\n            <\/article>\r\n                        <article class=\"custom-post-item\">\r\n                <div class=\"custom-post-thumbnail\">\r\n                                            <img decoding=\"async\" src=\"https:\/\/opuntiasuites.com\/el\/wp-content\/plugins\/custom-posts-grid\/placeholder.jpg\" alt=\"Traditional Japanese food Health benefits from Mochi\">\r\n                                    <\/div>\r\n                <div class=\"custom-post-content\">\r\n                    <h3 class=\"custom-post-title\">\r\n                        <a href=\"https:\/\/opuntiasuites.com\/el\/traditional-japanese-food-health-benefits-from-mochi\/\">Traditional Japanese food Health benefits from Mochi<\/a>\r\n                    <\/h3>\r\n                    <div class=\"custom-post-excerpt\">\r\n                        ArticlesMochi accepts however, doesn't require insurance ratesReal doctors. Customized care. Affordable GLP-step 1 agreements. Lengthened connection arrangements have various other...                    <\/div>\r\n                    <a href=\"https:\/\/opuntiasuites.com\/el\/traditional-japanese-food-health-benefits-from-mochi\/\" class=\"custom-post-readmore\">\u0394\u03b9\u03b1\u03b2\u03ac\u03c3\u03c4\u03b5 \u03a0\u03b5\u03c1\u03b9\u03c3\u03c3\u03cc\u03c4\u03b5\u03c1\u03b1<\/a>\r\n                <\/div>\r\n            <\/article>\r\n                        <article class=\"custom-post-item\">\r\n                <div class=\"custom-post-thumbnail\">\r\n                                            <img decoding=\"async\" src=\"https:\/\/opuntiasuites.com\/el\/wp-content\/plugins\/custom-posts-grid\/placeholder.jpg\" alt=\"All of us medical health insurance carries: As to the reasons did United states medical health insurance stocks crash today? UnitedHealth, Humana, Elevance Health, CVS offers tumble after limited Medicare Virtue increase\">\r\n                                    <\/div>\r\n                <div class=\"custom-post-content\">\r\n                    <h3 class=\"custom-post-title\">\r\n                        <a href=\"https:\/\/opuntiasuites.com\/el\/all-of-us-medical-health-insurance-carries-as-to-the-reasons-did-united-states-medical-health-insurance-stocks-crash-today-unitedhealth-humana-elevance-health-cvs-offers-tumble-after-limited-medi\/\">All of us medical health insurance carries: As to the reasons did United states medical health insurance stocks crash today? UnitedHealth, Humana, Elevance Health, CVS offers tumble after limited Medicare Virtue increase<\/a>\r\n                    <\/h3>\r\n                    <div class=\"custom-post-excerpt\">\r\n                        ArticlesScore all of our latest development To your December dos, 2021, CVS revealed a proper relationship having Microsoft to change...                    <\/div>\r\n                    <a href=\"https:\/\/opuntiasuites.com\/el\/all-of-us-medical-health-insurance-carries-as-to-the-reasons-did-united-states-medical-health-insurance-stocks-crash-today-unitedhealth-humana-elevance-health-cvs-offers-tumble-after-limited-medi\/\" class=\"custom-post-readmore\">\u0394\u03b9\u03b1\u03b2\u03ac\u03c3\u03c4\u03b5 \u03a0\u03b5\u03c1\u03b9\u03c3\u03c3\u03cc\u03c4\u03b5\u03c1\u03b1<\/a>\r\n                <\/div>\r\n            <\/article>\r\n                        <article class=\"custom-post-item\">\r\n                <div class=\"custom-post-thumbnail\">\r\n                                            <img decoding=\"async\" src=\"https:\/\/opuntiasuites.com\/el\/wp-content\/plugins\/custom-posts-grid\/placeholder.jpg\" alt=\"Auschecken der Globus neuer Online-Gl\u00fccksspielunternehmen: Ein umfassender \u00dcberblick\">\r\n                                    <\/div>\r\n                <div class=\"custom-post-content\">\r\n                    <h3 class=\"custom-post-title\">\r\n                        <a href=\"https:\/\/opuntiasuites.com\/el\/auschecken-der-globus-neuer-online-glucksspielunternehmen-ein-umfassender-uberblick\/\">Auschecken der Globus neuer Online-Gl\u00fccksspielunternehmen: Ein umfassender \u00dcberblick<\/a>\r\n                    <\/h3>\r\n                    <div class=\"custom-post-excerpt\">\r\n                        In der sich st\u00e4ndig weiterentwickelnden Landschaft der online Am\u00fcsement tauchen neue Gl\u00fccksspielunternehmen st\u00e4ndig entstehen, verhei\u00dfend geniale Erlebnisse und spannende Chancen...                    <\/div>\r\n                    <a href=\"https:\/\/opuntiasuites.com\/el\/auschecken-der-globus-neuer-online-glucksspielunternehmen-ein-umfassender-uberblick\/\" class=\"custom-post-readmore\">\u0394\u03b9\u03b1\u03b2\u03ac\u03c3\u03c4\u03b5 \u03a0\u03b5\u03c1\u03b9\u03c3\u03c3\u03cc\u03c4\u03b5\u03c1\u03b1<\/a>\r\n                <\/div>\r\n            <\/article>\r\n                    <\/div>\r\n        <\/div>\n\t\t\t\t\t\t<\/div>\n\t\t\t\t<\/div>\n\t\t\t\t\t<\/div>\n\t\t<\/div>\n\t\t\t\t\t<\/div>\n\t\t<\/section>\n\t\t\t\t<\/div>","protected":false},"excerpt":{"rendered":"<p>Blog<\/p>","protected":false},"author":1,"featured_media":0,"parent":0,"menu_order":0,"comment_status":"closed","ping_status":"closed","template":"page-full-width.php","meta":{"footnotes":""},"class_list":["post-34335","page","type-page","status-publish","hentry"],"_links":{"self":[{"href":"https:\/\/opuntiasuites.com\/el\/wp-json\/wp\/v2\/pages\/34335","targetHints":{"allow":["GET"]}}],"collection":[{"href":"https:\/\/opuntiasuites.com\/el\/wp-json\/wp\/v2\/pages"}],"about":[{"href":"https:\/\/opuntiasuites.com\/el\/wp-json\/wp\/v2\/types\/page"}],"author":[{"embeddable":true,"href":"https:\/\/opuntiasuites.com\/el\/wp-json\/wp\/v2\/users\/1"}],"replies":[{"embeddable":true,"href":"https:\/\/opuntiasuites.com\/el\/wp-json\/wp\/v2\/comments?post=34335"}],"version-history":[{"count":11,"href":"https:\/\/opuntiasuites.com\/el\/wp-json\/wp\/v2\/pages\/34335\/revisions"}],"predecessor-version":[{"id":34402,"href":"https:\/\/opuntiasuites.com\/el\/wp-json\/wp\/v2\/pages\/34335\/revisions\/34402"}],"wp:attachment":[{"href":"https:\/\/opuntiasuites.com\/el\/wp-json\/wp\/v2\/media?parent=34335"}],"curies":[{"name":"wp","href":"https:\/\/api.w.org\/{rel}","templated":true}]}}